{"id":36,"date":"2014-06-03T21:58:06","date_gmt":"2014-06-03T19:58:06","guid":{"rendered":"http:\/\/www.hausbootferien-elbe.de\/wordpress\/?page_id=36"},"modified":"2025-12-29T13:55:19","modified_gmt":"2025-12-29T11:55:19","slug":"willkommen-2","status":"publish","type":"page","link":"https:\/\/www.hausbootferien-elbe.de\/wordpress\/","title":{"rendered":"\u00a0\u00a0\u00a0Willkommen"},"content":{"rendered":"<p style=\"text-align: left;\"><strong>Willkommen am Wasser<\/strong><img loading=\"lazy\" class=\"alignright wp-image-591 size-full\" src=\"http:\/\/www.hausbootferien-elbe.de\/wordpress\/wp-content\/uploads\/2014\/06\/willkommen.jpg\" alt=\"willkommen\" width=\"220\" height=\"447\" srcset=\"https:\/\/www.hausbootferien-elbe.de\/wordpress\/wp-content\/uploads\/2014\/06\/willkommen.jpg 220w, https:\/\/www.hausbootferien-elbe.de\/wordpress\/wp-content\/uploads\/2014\/06\/willkommen-147x300.jpg 147w\" sizes=\"(max-width: 220px) 100vw, 220px\" \/><\/p>\n<p>Unsere drei Hausboote\u00a0\u201eJan\u201c, \u201eUlla\u201c und\u00a0\u201eTelse\u201c liegen im Ruthenstrom, einem wilden Seitenarm der Elbe in Drochtersen. Hier wohnen Sie mitten im Gr\u00fcnen, h\u00f6ren Fischreiher\u00a0statt den L\u00e4rm der Stadt. Und das stille Wasser des Elbearms flie\u00dft direkt vor Ihrem Schlafzimmer entlang.\u00a0Alle sechs Stunden kommt und geht die Tide. Bei Niedrigwasser f\u00e4llt das Hausboot trocken, um bald wieder aufzuschwimmen. Wie im Wattenmeer.<\/p>\n<p>Perfekt f\u00fcr ein ruhiges Wochenende oder Ferien in der Natur. Wer m\u00f6chte, steigt vom Hausboot ins Paddelboot und kann kilometerweit auf den stillen Flussarmen paddeln, Radtouren machen oder am langen Strand von Krautsand spazieren gehen.<\/p>\n<p>Die Hausboote liegen vor einer kleinen Bootslagerung, wo im Winter so um die 12\u00a0 Yachten\u00a0 gelagert werden.<\/p>\n<p>Die Wochenenden im\u00a0 April\u00a0 werden in der Regel\u00a0 von den Bootslieger daf\u00fcr genutzt, die Boote f\u00fcr die Saison vorzubereiten. Das bedeutet, gerade auch bei sch\u00f6nem Wetter, dass auf dem Gel\u00e4nde mehr Bewegung ist, da die Bootslieger an ihren Booten arbeiten. Das ist eine sehr freundschaftliche Atmosph\u00e4re, die f\u00fcr die Hausbootbesucher bei sch\u00f6nen Wetter jedoch nicht g\u00e4nzlich unbemerkt bleibt.<\/p>\n<p>Ab Mitte April wird hier und da mal ein Boot gekrant was\u00a0 unsere G\u00e4ste als\u00a0 spannend empfinden und gerne zuschauen.<\/p>\n<p>Schauen Sie sich am besten selbst um. Auf diesen Seiten finden Sie Fotos und alle Infos. F\u00fcr Fragen k\u00f6nnen Sie uns sehr gerne jederzeit anrufen.<\/p>\n<p>E-BIKE S k\u00f6nnen beim Autohaus Sch\u00fctt in Dornbusch ausgeliehen werden.<\/p>\n<p>Liebe Gr\u00fc\u00dfe<br \/>Familie Makris vom alten Gauensieker Hafen<\/p>\n<p>&#8212;&#8212;&#8212;&#8212;&#8212;&#8212;&#8212;&#8212;&#8212;&#8212;&#8212;&#8212;&#8212;&#8212;&#8212;&#8212;&#8212;&#8212;&#8212;&#8212;&#8212;&#8212;&#8212;&#8212;&#8212;&#8212;&#8212;&#8212;&#8212;&#8212;&#8212;&#8212;&#8212;&#8212;&#8212;&#8212;&#8212;&#8212;&#8212;&#8212;&#8212;&#8212;&#8212;&#8212;&#8212;&#8212;<\/p>\n<p><span style=\"color: #0000ff;\">F\u00fcr Eindr\u00fccke aus der Region, schauen Sie sich die NDR Nordstory \u00fcber das Kehdinger Land an.\u00a0<\/span><\/p>\n<p><span style=\"color: #0000ff;\"><a style=\"color: #0000ff;\" href=\"https:\/\/www.youtube.com\/watch?v=akPSwwjWh90\" data-rel=\"lightbox-video-0\">https:\/\/www.youtube.com\/channel\/UC4ehmXsLnSYSJ7PjG9AGyuQ\/videos<\/a><\/span><\/p>\n\n\n<p><\/p>\n","protected":false},"excerpt":{"rendered":"<p>Willkommen am Wasser Unsere drei Hausboote\u00a0\u201eJan\u201c, \u201eUlla\u201c und\u00a0\u201eTelse\u201c liegen im Ruthenstrom, einem wilden Seitenarm der Elbe in Drochtersen. Hier wohnen Sie mitten im Gr\u00fcnen, h\u00f6ren Fischreiher\u00a0statt den L\u00e4rm der Stadt. Und das stille Wasser des Elbearms flie\u00dft direkt vor Ihrem Schlafzimmer entlang.\u00a0Alle sechs Stunden kommt und geht die Tide. Bei Niedrigwasser f\u00e4llt das Hausboot trocken, [&hellip;]<\/p>\n","protected":false},"author":1,"featured_media":0,"parent":0,"menu_order":0,"comment_status":"closed","ping_status":"closed","template":"","meta":[],"_links":{"self":[{"href":"https:\/\/www.hausbootferien-elbe.de\/wordpress\/index.php?rest_route=\/wp\/v2\/pages\/36"}],"collection":[{"href":"https:\/\/www.hausbootferien-elbe.de\/wordpress\/index.php?rest_route=\/wp\/v2\/pages"}],"about":[{"href":"https:\/\/www.hausbootferien-elbe.de\/wordpress\/index.php?rest_route=\/wp\/v2\/types\/page"}],"author":[{"embeddable":true,"href":"https:\/\/www.hausbootferien-elbe.de\/wordpress\/index.php?rest_route=\/wp\/v2\/users\/1"}],"replies":[{"embeddable":true,"href":"https:\/\/www.hausbootferien-elbe.de\/wordpress\/index.php?rest_route=%2Fwp%2Fv2%2Fcomments&post=36"}],"version-history":[{"count":45,"href":"https:\/\/www.hausbootferien-elbe.de\/wordpress\/index.php?rest_route=\/wp\/v2\/pages\/36\/revisions"}],"predecessor-version":[{"id":1031,"href":"https:\/\/www.hausbootferien-elbe.de\/wordpress\/index.php?rest_route=\/wp\/v2\/pages\/36\/revisions\/1031"}],"wp:attachment":[{"href":"https:\/\/www.hausbootferien-elbe.de\/wordpress\/index.php?rest_route=%2Fwp%2Fv2%2Fmedia&parent=36"}],"curies":[{"name":"wp","href":"https:\/\/api.w.org\/{rel}","templated":true}]}}