{"id":14,"date":"2014-06-03T21:24:00","date_gmt":"2014-06-03T19:24:00","guid":{"rendered":"http:\/\/www.hausbootferien-elbe.de\/wordpress\/?page_id=14"},"modified":"2025-12-29T14:14:14","modified_gmt":"2025-12-29T12:14:14","slug":"preise","status":"publish","type":"page","link":"https:\/\/www.hausbootferien-elbe.de\/wordpress\/?page_id=14","title":{"rendered":"Preise"},"content":{"rendered":"<p><strong>Hausboote &#8222;Jan&#8220; und &#8222;Ulla&#8220;<\/strong><\/p>\n<p><span style=\"color: #000000;\">Pro \u00dcbernachtung Hausboot: 135 \u20ac<br \/>\n<\/span><span style=\"color: #000000;\"><em>Der Preis gilt f\u00fcr 2 Erwachsene + 2 Kinder, jede weitere Person 20 \u20ac Aufpreis.<\/em><\/span><\/p>\n<p><span style=\"color: #000000;\">Endreinigung 50 \u20ac<\/span><br \/>\n<span style=\"color: #000000;\">Ein Hund nur nach Absprache, der \u00dcbernachtungspreis erh\u00f6ht sich um 10 \u20ac pro Nacht\u00a0<\/span><\/p>\n<p><span style=\"color: #000000;\">Anreise ab 15.00 UHR<\/span><br \/>\n<span style=\"color: #000000;\"> Abreise bis 10.00 UHR<\/span><\/p>\n<p><strong>Hausboot &#8222;Telse&#8220;<\/strong><\/p>\n<p><span style=\"color: #000000;\">Pro \u00dcbernachtung Hausboot: 135 \u20ac<br \/>\n<\/span><em style=\"color: #000000; font-size: 1rem;\">Der Preis gilt f\u00fcr 2\u00a0 G\u00e4ste.<\/em><\/p>\n<p><span style=\"color: #000000;\">Endreinigung 50 \u20ac<\/span><br \/>\n<span style=\"color: #000000;\">Ein Hund nur nach Absprache, der \u00dcbernachtungspreis erh\u00f6ht sich um 10 \u20ac pro Nacht<\/span><\/p>\n<p><span style=\"color: #000000;\">Anreise ab 15.00 UHR<\/span><br \/>\n<span style=\"color: #000000;\"> Abreise bis 10.00 UHR<\/span><\/p>\n<p><span style=\"color: #000000;\">Anmietung ab 2 N\u00e4chte.<\/span><\/p>\n<p><span style=\"color: #000000;\">Handt\u00fccher bitte mitbringen \u2013 Bettw\u00e4sche und Geschirrhandt\u00fccher inklusive!<br \/>\n<\/span>Kaminholz bitte mitbringen.<\/p>\n<p><span style=\"color: #000000;\">Wir freuen uns auf Sie!<\/span><\/p>\n<p><span style=\"color: #000000;\">Niemand kann die Zukunft vorhersehn, und das ist gut so. So bleibt das Leben interessant, voller \u00dcberraschungen und Inspirationen. Es kann viele Gr\u00fcnde geben, warum eine geplante und gebuchte Reise unp\u00e4sslich wird und nicht angetreten werden kann, oder gar abgebrochen werden muss. Wir empfehlen Ihnen eine Reiserversicherung als Schutz vor finanziellem Schaden.<br \/>\n<strong>\u200b<\/strong><\/span><\/p>\n","protected":false},"excerpt":{"rendered":"<p>Hausboote &#8222;Jan&#8220; und &#8222;Ulla&#8220; Pro \u00dcbernachtung Hausboot: 135 \u20ac Der Preis gilt f\u00fcr 2 Erwachsene + 2 Kinder, jede weitere Person 20 \u20ac Aufpreis. Endreinigung 50 \u20ac Ein Hund nur nach Absprache, der \u00dcbernachtungspreis erh\u00f6ht sich um 10 \u20ac pro Nacht\u00a0 Anreise ab 15.00 UHR Abreise bis 10.00 UHR Hausboot &#8222;Telse&#8220; Pro \u00dcbernachtung Hausboot: 135 [&hellip;]<\/p>\n","protected":false},"author":1,"featured_media":0,"parent":0,"menu_order":3,"comment_status":"closed","ping_status":"closed","template":"","meta":[],"_links":{"self":[{"href":"https:\/\/www.hausbootferien-elbe.de\/wordpress\/index.php?rest_route=\/wp\/v2\/pages\/14"}],"collection":[{"href":"https:\/\/www.hausbootferien-elbe.de\/wordpress\/index.php?rest_route=\/wp\/v2\/pages"}],"about":[{"href":"https:\/\/www.hausbootferien-elbe.de\/wordpress\/index.php?rest_route=\/wp\/v2\/types\/page"}],"author":[{"embeddable":true,"href":"https:\/\/www.hausbootferien-elbe.de\/wordpress\/index.php?rest_route=\/wp\/v2\/users\/1"}],"replies":[{"embeddable":true,"href":"https:\/\/www.hausbootferien-elbe.de\/wordpress\/index.php?rest_route=%2Fwp%2Fv2%2Fcomments&post=14"}],"version-history":[{"count":37,"href":"https:\/\/www.hausbootferien-elbe.de\/wordpress\/index.php?rest_route=\/wp\/v2\/pages\/14\/revisions"}],"predecessor-version":[{"id":1037,"href":"https:\/\/www.hausbootferien-elbe.de\/wordpress\/index.php?rest_route=\/wp\/v2\/pages\/14\/revisions\/1037"}],"wp:attachment":[{"href":"https:\/\/www.hausbootferien-elbe.de\/wordpress\/index.php?rest_route=%2Fwp%2Fv2%2Fmedia&parent=14"}],"curies":[{"name":"wp","href":"https:\/\/api.w.org\/{rel}","templated":true}]}}