{"id":10,"date":"2014-06-03T21:21:49","date_gmt":"2014-06-03T19:21:49","guid":{"rendered":"http:\/\/www.hausbootferien-elbe.de\/wordpress\/?page_id=10"},"modified":"2025-01-09T16:58:17","modified_gmt":"2025-01-09T14:58:17","slug":"anreise","status":"publish","type":"page","link":"https:\/\/www.hausbootferien-elbe.de\/wordpress\/?page_id=10","title":{"rendered":"Anreise"},"content":{"rendered":"<p><strong>Kontakt<\/strong><\/p>\n<p style=\"color: #000000;\">Nicole und Jelle Makris<br \/>\nSch\u00e4ferstieg 2<br \/>\n21706 Drochtersen<\/p>\n<p style=\"color: #000000;\">Anfragen via Mail an:\u00a0<a style=\"color: #000000;\" href=\"mailto:nmakris@freenet.de\">nmakris@freenet.de<\/a><br \/>\nBuchungen telefonisch unter 04143-999589<\/p>\n<p>Mobil 00491717773895<\/p>\n<p><strong><span style=\"color: #000000;\">Anreise<\/span><\/strong><\/p>\n<p><span style=\"color: #000000;\">Die Hausboote\u00a0 liegen am alten Gauensieker Hafen, von wo aus schon 1800 die traditionellen Apfelk\u00e4hne Obst vom Alten Land nach Hamburg brachten. Heute befindet sich hier lediglich ein winziger Anleger und eine kleine Bootslagerung. Ansonsten alles gr\u00fcn. Wasser, Schilf und Apfelb\u00e4ume, \u00fcber denen die Zugv\u00f6gel fliegen. Vogelfreunde kommen auf ihre Kosten, auf den Marschen \u00fcberwintern Nonneng\u00e4nse, Graug\u00e4nse und andere Rastv\u00f6gel.<\/span><br style=\"color: #757575;\" \/><br style=\"color: #757575;\" \/><span style=\"color: #000000;\">Drochtersen liegt an der s\u00fcdlichen Elbseite, etwa 15 Kilometer westlich von Stade im Kehdinger Land. Von Hamburg aus erreichen Sie Drochtersen \u00fcber Finkenwerder, Stade und weiter Richtung Wischhafen fahrend. Entfernung von Hamburg: circa 65 Kilometer. Fahrzeit etwa 60 Minuten.<\/span><br style=\"color: #757575;\" \/><br style=\"color: #757575;\" \/><span style=\"color: #000000;\">Anfahrt zum Hausboot: Gleich hinterm Ortsschild von Drochtersen (aus Richtung Stade) zweite Stra\u00dfe rechts abbiegen in die Gauensieker Hafenstra\u00dfe. Dann 200 Meter bis zum alten Deich fahren, den Weg nach links \u00fcber den Deich nehmen. Hinter dem Deich f\u00fchrt eine scharfe Rechtskurve zu einer kleinen Br\u00fccke und direkt zu unserem Grundst\u00fcck. Am Ende des Grundst\u00fccks finden Sie unsere Hausboote.<\/span><br style=\"color: #757575;\" \/><br style=\"color: #757575;\" \/><strong><span style=\"color: #000000;\">Adresse <\/span><\/strong><\/p>\n<p><span style=\"color: #000000;\">Sch\u00e4ferstieg 2<br \/>\n21706 Drochtersen<\/span><\/p>\n<p><span style=\"color: #000000;\"><strong><iframe src=\"https:\/\/www.google.com\/maps\/embed?pb=!1m13!1m11!1m3!1d1648.4904961708387!2d9.398101607129695!3d53.71071830755056!2m2!1f0!2f0!3m2!1i1024!2i768!4f13.1!5e1!3m2!1sde!2sde!4v1401823263137\" width=\"900\" height=\"550\" frameborder=\"0\"><\/iframe><\/strong><\/span><\/p>\n<p><span style=\"color: #000000;\">\u00a0<\/span><\/p>\n","protected":false},"excerpt":{"rendered":"<p>Kontakt Nicole und Jelle Makris Sch\u00e4ferstieg 2 21706 Drochtersen Anfragen via Mail an:\u00a0nmakris@freenet.de Buchungen telefonisch unter 04143-999589 Mobil 00491717773895 Anreise Die Hausboote\u00a0 liegen am alten Gauensieker Hafen, von wo aus schon 1800 die traditionellen Apfelk\u00e4hne Obst vom Alten Land nach Hamburg brachten. Heute befindet sich hier lediglich ein winziger Anleger und eine kleine Bootslagerung. Ansonsten [&hellip;]<\/p>\n","protected":false},"author":1,"featured_media":0,"parent":0,"menu_order":2,"comment_status":"closed","ping_status":"closed","template":"","meta":[],"_links":{"self":[{"href":"https:\/\/www.hausbootferien-elbe.de\/wordpress\/index.php?rest_route=\/wp\/v2\/pages\/10"}],"collection":[{"href":"https:\/\/www.hausbootferien-elbe.de\/wordpress\/index.php?rest_route=\/wp\/v2\/pages"}],"about":[{"href":"https:\/\/www.hausbootferien-elbe.de\/wordpress\/index.php?rest_route=\/wp\/v2\/types\/page"}],"author":[{"embeddable":true,"href":"https:\/\/www.hausbootferien-elbe.de\/wordpress\/index.php?rest_route=\/wp\/v2\/users\/1"}],"replies":[{"embeddable":true,"href":"https:\/\/www.hausbootferien-elbe.de\/wordpress\/index.php?rest_route=%2Fwp%2Fv2%2Fcomments&post=10"}],"version-history":[{"count":16,"href":"https:\/\/www.hausbootferien-elbe.de\/wordpress\/index.php?rest_route=\/wp\/v2\/pages\/10\/revisions"}],"predecessor-version":[{"id":1025,"href":"https:\/\/www.hausbootferien-elbe.de\/wordpress\/index.php?rest_route=\/wp\/v2\/pages\/10\/revisions\/1025"}],"wp:attachment":[{"href":"https:\/\/www.hausbootferien-elbe.de\/wordpress\/index.php?rest_route=%2Fwp%2Fv2%2Fmedia&parent=10"}],"curies":[{"name":"wp","href":"https:\/\/api.w.org\/{rel}","templated":true}]}}